{"id":10624,"date":"2021-10-29T08:52:58","date_gmt":"2021-10-29T05:52:58","guid":{"rendered":"https:\/\/www.arcticdesignweek.fi\/?page_id=10624"},"modified":"2021-11-05T14:13:58","modified_gmt":"2021-11-05T12:13:58","slug":"environmental-promise","status":"publish","type":"page","link":"https:\/\/www.arcticdesignweek.fi\/en\/environmental-promise\/","title":{"rendered":"Environmental promise"},"content":{"rendered":"<p>[et_pb_section fb_built=&#8221;1&#8243; fullwidth=&#8221;on&#8221; _builder_version=&#8221;3.29.3&#8243; locked=&#8221;off&#8221; global_colors_info=&#8221;{}&#8221;][et_pb_fullwidth_header title=&#8221;Environmental Predge&#8221; text_orientation=&#8221;center&#8221; admin_label=&#8221;Kirjoita t\u00e4h\u00e4n koko sivun levyinen otsikko&#8221; module_class=&#8221;ylaotsikko&#8221; _builder_version=&#8221;4.11.4&#8243; title_font=&#8221;|300|||||||&#8221; background_enable_color=&#8221;off&#8221; background_image=&#8221;https:\/\/www.arcticdesignweek.fi\/wp-content\/uploads\/2019\/10\/ArcticDesignWeek_Tausta_tumma.jpg&#8221; global_colors_info=&#8221;{}&#8221;][\/et_pb_fullwidth_header][\/et_pb_section][et_pb_section fb_built=&#8221;1&#8243; _builder_version=&#8221;4.11.4&#8243; background_color=&#8221;#F6F6F6&#8243; global_colors_info=&#8221;{}&#8221;][et_pb_row _builder_version=&#8221;4.11.4&#8243; background_color=&#8221;#FFFFFF&#8221; background_size=&#8221;initial&#8221; background_position=&#8221;top_left&#8221; background_repeat=&#8221;repeat&#8221; box_shadow_style=&#8221;preset3&#8243; global_colors_info=&#8221;{}&#8221;][et_pb_column type=&#8221;4_4&#8243; _builder_version=&#8221;4.11.4&#8243; custom_padding=&#8221;|40px|20px|40px|false|true&#8221; global_colors_info=&#8221;{}&#8221; custom_padding__hover=&#8221;|||&#8221;][et_pb_image src=&#8221;https:\/\/www.arcticdesignweek.fi\/wp-content\/uploads\/2021\/04\/ArcticDesignWeek_owl_10-1.jpg&#8221; title_text=&#8221;ArcticDesignWeek_owl_10-1&#8243; _builder_version=&#8221;4.11.4&#8243; _module_preset=&#8221;default&#8221; custom_margin=&#8221;||||false|false&#8221; custom_padding=&#8221;||30px||false|false&#8221; global_colors_info=&#8221;{}&#8221;][\/et_pb_image][et_pb_text _builder_version=&#8221;4.12.0&#8243; _module_preset=&#8221;default&#8221; hover_enabled=&#8221;0&#8243; global_colors_info=&#8221;{}&#8221; sticky_enabled=&#8221;0&#8243;]<\/p>\n<h2><b>ARCTIC DESIGN WEEK\u2019S ENVIRONMENTAL PLEDGE <\/b><\/h2>\n<p>[\/et_pb_text][et_pb_text _builder_version=&#8221;4.12.0&#8243; background_size=&#8221;initial&#8221; background_position=&#8221;top_left&#8221; background_repeat=&#8221;repeat&#8221; hover_enabled=&#8221;0&#8243; global_colors_info=&#8221;{}&#8221; custom_padding=&#8221;14px|||||&#8221; sticky_enabled=&#8221;0&#8243;]<\/p>\n<p><strong>In Arctic Design Week activities, responsibility is the main theme and value that directs the production of content. Arctic Design Week wants to help the Arctic region to achieve success, which is why we want to promote sustainable development and business that is implemented in an ethical way.\u00a0 ADW wants to promote the emergence of responsible brands and takes responsibility for social, economic, environmental and cultural impacts.\u00a0<\/strong><\/p>\n<p><span style=\"font-weight: 400;\">This environmental pledge adheres to responsible and sustainable practices in our operations, based on measurable responsibility objectives. Through environmental certification, we are committed to taking better account of our environmental responsibility and the values and practices of sustainable development in our operations. We are committed to determining the carbon footprint of our event and compensating for it, for the good of northern nature.\u00a0<\/span><\/p>\n<p><span style=\"font-weight: 400;\">We have decided to raise the principles of sustainable development into our strategy and policies. We also encourage our customers and partners to do the same. We also take more account of our ambitious environmental promises in our software and communications.\u00a0<\/span><\/p>\n<p><span style=\"font-weight: 400;\">We are committed to minimising our waste through paperless events, improving recycling, maximising the reuse of materials, and organising recycling points at different event locations, in line with our environmental pledge. In our purchases, we commit ourselves to choosing high-quality, environmentally certified products and services, recycled materials and purchasing local services and products whenever possible. We encourage our partners to do the same. We encourage our suppliers, customers and independent travellers to use public transport locally, produce software to make accessibility possible by public transport and by placing key functions in the town centre area.\u00a0<\/span><\/p>\n<p><span style=\"font-weight: 400;\">We are committed to familiarising our partners, subcontractors and programme producers with our environmental values and commitments, so that they commit themselves to the Arctic Design Week\u2019s environmental program.<\/span><\/p>\n<p><span style=\"font-weight: 400;\">We will update our environmental pledge with management and key actors.<\/span><\/p>\n<p><span style=\"font-weight: 400;\">The endangered Arctic Snowy Owl belongs to the sensitive ecosystem of the Arctic. This beautiful migratory owl is the symbol for the Arctic Design week, the world\u2019s northernmost design event. It conveys the message of wise and responsible Arctic design that appreciates practicality.<\/span><\/p>\n<p>&nbsp;<\/p>\n<p><b>Advisory Board, 6 October 2021<\/b><\/p>\n<p>&nbsp;<\/p>\n<p>[\/et_pb_text][\/et_pb_column][\/et_pb_row][\/et_pb_section]<\/p>\n","protected":false},"excerpt":{"rendered":"<p>ARCTIC DESIGN WEEK\u2019S ENVIRONMENTAL PLEDGE In Arctic Design Week activities, responsibility is the main theme and value that directs the production of content. Arctic Design Week wants to help the Arctic region to achieve success, which is why we want to promote sustainable development and business that is implemented in an ethical way.\u00a0 ADW wants [&hellip;]<\/p>\n","protected":false},"author":1,"featured_media":10147,"parent":0,"menu_order":0,"comment_status":"closed","ping_status":"closed","template":"","meta":{"_acf_changed":false,"_et_pb_use_builder":"on","_et_pb_old_content":"<p>[et_pb_section fb_built=\"1\" fullwidth=\"on\" _builder_version=\"3.29.3\" locked=\"off\" global_colors_info=\"{}\"][et_pb_fullwidth_header title=\"Ymp\u00e4rist\u00f6lupaus\" text_orientation=\"center\" admin_label=\"Kirjoita t\u00e4h\u00e4n koko sivun levyinen otsikko\" module_class=\"ylaotsikko\" _builder_version=\"4.11.4\" title_font=\"|300|||||||\" background_enable_color=\"off\" background_image=\"https:\/\/www.arcticdesignweek.fi\/wp-content\/uploads\/2019\/10\/ArcticDesignWeek_Tausta_tumma.jpg\" global_colors_info=\"{}\"][\/et_pb_fullwidth_header][\/et_pb_section][et_pb_section fb_built=\"1\" _builder_version=\"4.11.4\" background_color=\"#F6F6F6\" global_colors_info=\"{}\"][et_pb_row _builder_version=\"4.11.4\" background_color=\"#FFFFFF\" background_size=\"initial\" background_position=\"top_left\" background_repeat=\"repeat\" hover_enabled=\"0\" box_shadow_style=\"preset3\" global_colors_info=\"{}\" sticky_enabled=\"0\"][et_pb_column type=\"4_4\" _builder_version=\"4.11.4\" custom_padding=\"|40px|20px|40px|false|true\" hover_enabled=\"0\" global_colors_info=\"{}\" custom_padding__hover=\"|||\" sticky_enabled=\"0\"][et_pb_image src=\"https:\/\/www.arcticdesignweek.fi\/wp-content\/uploads\/2021\/04\/ArcticDesignWeek_owl_10-1.jpg\" title_text=\"ArcticDesignWeek_owl_10-1\" _builder_version=\"4.11.4\" _module_preset=\"default\" custom_margin=\"||||false|false\" custom_padding=\"||30px||false|false\" global_colors_info=\"{}\"][\/et_pb_image][et_pb_text _builder_version=\"4.11.4\" _module_preset=\"default\" global_colors_info=\"{}\"]<\/p><h2>ARCTIC DESIGN WEEKIN YMP\u00c4RIST\u00d6LUPAUS<\/h2><p>[\/et_pb_text][et_pb_text _builder_version=\"4.11.4\" background_size=\"initial\" background_position=\"top_left\" background_repeat=\"repeat\" global_colors_info=\"{}\"]<\/p><p><strong>Arctic Design Weekin toiminnassa vastuullisuus on p\u00e4\u00e4teema ja sis\u00e4lt\u00f6tuotantoa ohjaava arvo. Arctic Design Week haluaa auttaa arktista aluetta menestym\u00e4\u00e4n ja siksi haluamme edist\u00e4\u00e4 kest\u00e4v\u00e4\u00e4 kehityst\u00e4 ja eettisesti toteutettua toimintaa.\u00a0 ADW haluaa edist\u00e4\u00e4 vastuullisten br\u00e4ndien esiin nousua sek\u00e4 kantaa vastuuta sosiaalisista, taloudellisista, ekologisista ja kulttuurillisista vaikutuksista.<\/strong><\/p><p>T\u00e4m\u00e4 ymp\u00e4rist\u00f6lupaus noudattaa vastuullisia ja kest\u00e4vi\u00e4 k\u00e4yt\u00e4nteit\u00e4 toiminnassamme, perustuen mitattaviin vastuullisuus tavoitteisiin. Olemme sitoutuneet ymp\u00e4rist\u00f6sertifikaatin my\u00f6t\u00e4 huomioimaan ymp\u00e4rist\u00f6vastuumme sek\u00e4 kest\u00e4v\u00e4n kehityksen arvot ja k\u00e4yt\u00e4nteet entist\u00e4 paremmin toiminnassamme. Sitoudumme selvitt\u00e4\u00e4 tapahtumamme hiilijalanj\u00e4ljen sek\u00e4 kompensoimaan sen pohjoisen luonnon hyv\u00e4ksi.<\/p><p>Olemme p\u00e4\u00e4tt\u00e4neet nostaa kest\u00e4v\u00e4n kehityksen periaatteet toimintamme strategiaan ja toimintatapoihin. Kannustamme my\u00f6s asiakkaitamme sek\u00e4 kumppaneitamme toimimaan samoin. Huomioimme tavoitteelliset ymp\u00e4rist\u00f6lupaukset my\u00f6s ohjelmistossamme ja viestinn\u00e4ss\u00e4mme entist\u00e4 vahvemmin.<\/p><p>Sitoudumme ymp\u00e4rist\u00f6lupauksemme mukaisesti minimoimaan j\u00e4tteemme paperittomilla tapahtumilla, tehostamaan kierr\u00e4tyst\u00e4, maksimoimalla materiaalien uudelleenk\u00e4yt\u00f6n sek\u00e4 j\u00e4rjest\u00e4m\u00e4\u00e4n kierr\u00e4tyspisteit\u00e4 eri tapahtumapaikoille. Hankinnoissamme sitoudumme valitsemaan laadukkaita ymp\u00e4rist\u00f6sertifioituja tuotteita ja palveluita, uusiomateriaaleja sek\u00e4 ostamme paikallisia palveluita ja tuotteita aina kun mahdollista. Kannustamme kumppaneitamme tekem\u00e4\u00e4n samoin. Kannustamme alihankkijoitamme, asiakkaitamme ja omatoimimatkailijoita k\u00e4ytt\u00e4m\u00e4\u00e4n paikallisesti julkista liikennett\u00e4, tuottamaan ohjelmiston siten, ett\u00e4 saavutettavuus onnistuu julkisilla kulkuneuvoilla sek\u00e4 sijoittamalla avaintoiminnot keskustan alueelle.<\/p><p>Sitoudumme perehdytt\u00e4m\u00e4\u00e4n yhteisty\u00f6kumppanimme, alihankkijamme ja eri ohjelmatuottajat toimimaan ymp\u00e4rist\u00f6arvojemme ja \u2013lupaustemme mukaisesti niin, ett\u00e4 he sitoutuvat noudattamaan Arctic Design Weekin ymp\u00e4rist\u00f6ohjelmaa.<\/p><p>Tulemme p\u00e4ivitt\u00e4m\u00e4\u00e4n t\u00e4t\u00e4 ymp\u00e4rist\u00f6lupaustamme johdon ja avaintoimijoiden kanssa.<\/p><p>Uhanalainen tunturip\u00f6ll\u00f6, Arctic Snowy Owl, on osa haavoittuvaa arktisen herkk\u00e4\u00e4 ekosysteemi\u00e4. T\u00e4m\u00e4 kaunis vaelluslintu on Arctic Design Weekin, maailman pohjoisimman muotoilutapahtuman tunnus. Se kertoo viisaasta ja vastuullisista toimintatavoista sek\u00e4 k\u00e4yt\u00e4nn\u00f6llisyytt\u00e4 arvostavasta arktisesta muotoilusta.<\/p><p>\u00a0<\/p><p><em><strong>Advisory Board, 6.10.2021<\/strong><\/em><\/p><p>[\/et_pb_text][\/et_pb_column][\/et_pb_row][\/et_pb_section]<\/p>","_et_gb_content_width":"","inline_featured_image":false,"footnotes":""},"class_list":["post-10624","page","type-page","status-publish","has-post-thumbnail","hentry"],"acf":[],"yoast_head":"<!-- This site is optimized with the Yoast SEO plugin v26.6 - https:\/\/yoast.com\/wordpress\/plugins\/seo\/ -->\n<title>Environmental promise - Arctic Design Week<\/title>\n<meta name=\"robots\" content=\"index, follow, max-snippet:-1, max-image-preview:large, max-video-preview:-1\" \/>\n<link rel=\"canonical\" href=\"https:\/\/www.arcticdesignweek.fi\/en\/environmental-promise\/\" \/>\n<meta property=\"og:locale\" content=\"en_US\" \/>\n<meta property=\"og:type\" content=\"article\" \/>\n<meta property=\"og:title\" content=\"Environmental promise - Arctic Design Week\" \/>\n<meta property=\"og:description\" content=\"ARCTIC DESIGN WEEK\u2019S ENVIRONMENTAL PLEDGE In Arctic Design Week activities, responsibility is the main theme and value that directs the production of content. Arctic Design Week wants to help the Arctic region to achieve success, which is why we want to promote sustainable development and business that is implemented in an ethical way.\u00a0 ADW wants [&hellip;]\" \/>\n<meta property=\"og:url\" content=\"https:\/\/www.arcticdesignweek.fi\/en\/environmental-promise\/\" \/>\n<meta property=\"og:site_name\" content=\"Arctic Design Week\" \/>\n<meta property=\"article:publisher\" content=\"https:\/\/www.facebook.com\/arcticdesignweek\" \/>\n<meta property=\"article:modified_time\" content=\"2021-11-05T12:13:58+00:00\" \/>\n<meta property=\"og:image\" content=\"https:\/\/www.arcticdesignweek.fi\/wp-content\/uploads\/2021\/04\/ArcticDesignWeek_owl_10-1.jpg\" \/>\n\t<meta property=\"og:image:width\" content=\"1500\" \/>\n\t<meta property=\"og:image:height\" content=\"698\" \/>\n\t<meta property=\"og:image:type\" content=\"image\/jpeg\" \/>\n<meta name=\"twitter:card\" content=\"summary_large_image\" \/>\n<meta name=\"twitter:site\" content=\"@Arctic_D_Week\" \/>\n<meta name=\"twitter:label1\" content=\"Est. reading time\" \/>\n\t<meta name=\"twitter:data1\" content=\"2 minutes\" \/>\n<script type=\"application\/ld+json\" class=\"yoast-schema-graph\">{\"@context\":\"https:\/\/schema.org\",\"@graph\":[{\"@type\":\"WebPage\",\"@id\":\"https:\/\/www.arcticdesignweek.fi\/en\/environmental-promise\/\",\"url\":\"https:\/\/www.arcticdesignweek.fi\/en\/environmental-promise\/\",\"name\":\"Environmental promise - Arctic Design Week\",\"isPartOf\":{\"@id\":\"https:\/\/www.arcticdesignweek.fi\/en\/#website\"},\"primaryImageOfPage\":{\"@id\":\"https:\/\/www.arcticdesignweek.fi\/en\/environmental-promise\/#primaryimage\"},\"image\":{\"@id\":\"https:\/\/www.arcticdesignweek.fi\/en\/environmental-promise\/#primaryimage\"},\"thumbnailUrl\":\"https:\/\/www.arcticdesignweek.fi\/wp-content\/uploads\/2021\/04\/ArcticDesignWeek_owl_10-1.jpg\",\"datePublished\":\"2021-10-29T05:52:58+00:00\",\"dateModified\":\"2021-11-05T12:13:58+00:00\",\"breadcrumb\":{\"@id\":\"https:\/\/www.arcticdesignweek.fi\/en\/environmental-promise\/#breadcrumb\"},\"inLanguage\":\"en-US\",\"potentialAction\":[{\"@type\":\"ReadAction\",\"target\":[\"https:\/\/www.arcticdesignweek.fi\/en\/environmental-promise\/\"]}]},{\"@type\":\"ImageObject\",\"inLanguage\":\"en-US\",\"@id\":\"https:\/\/www.arcticdesignweek.fi\/en\/environmental-promise\/#primaryimage\",\"url\":\"https:\/\/www.arcticdesignweek.fi\/wp-content\/uploads\/2021\/04\/ArcticDesignWeek_owl_10-1.jpg\",\"contentUrl\":\"https:\/\/www.arcticdesignweek.fi\/wp-content\/uploads\/2021\/04\/ArcticDesignWeek_owl_10-1.jpg\",\"width\":1500,\"height\":698},{\"@type\":\"BreadcrumbList\",\"@id\":\"https:\/\/www.arcticdesignweek.fi\/en\/environmental-promise\/#breadcrumb\",\"itemListElement\":[{\"@type\":\"ListItem\",\"position\":1,\"name\":\"Home\",\"item\":\"https:\/\/www.arcticdesignweek.fi\/en\/\"},{\"@type\":\"ListItem\",\"position\":2,\"name\":\"Environmental promise\"}]},{\"@type\":\"WebSite\",\"@id\":\"https:\/\/www.arcticdesignweek.fi\/en\/#website\",\"url\":\"https:\/\/www.arcticdesignweek.fi\/en\/\",\"name\":\"Arctic Design Week\",\"description\":\"2020\",\"publisher\":{\"@id\":\"https:\/\/www.arcticdesignweek.fi\/en\/#organization\"},\"potentialAction\":[{\"@type\":\"SearchAction\",\"target\":{\"@type\":\"EntryPoint\",\"urlTemplate\":\"https:\/\/www.arcticdesignweek.fi\/en\/?s={search_term_string}\"},\"query-input\":{\"@type\":\"PropertyValueSpecification\",\"valueRequired\":true,\"valueName\":\"search_term_string\"}}],\"inLanguage\":\"en-US\"},{\"@type\":\"Organization\",\"@id\":\"https:\/\/www.arcticdesignweek.fi\/en\/#organization\",\"name\":\"Arctic Design Week\",\"url\":\"https:\/\/www.arcticdesignweek.fi\/en\/\",\"logo\":{\"@type\":\"ImageObject\",\"inLanguage\":\"en-US\",\"@id\":\"https:\/\/www.arcticdesignweek.fi\/en\/#\/schema\/logo\/image\/\",\"url\":\"https:\/\/www.arcticdesignweek.fi\/wp-content\/uploads\/2019\/11\/ArcticDesignWeek_Favicon_600px.jpg\",\"contentUrl\":\"https:\/\/www.arcticdesignweek.fi\/wp-content\/uploads\/2019\/11\/ArcticDesignWeek_Favicon_600px.jpg\",\"width\":600,\"height\":600,\"caption\":\"Arctic Design Week\"},\"image\":{\"@id\":\"https:\/\/www.arcticdesignweek.fi\/en\/#\/schema\/logo\/image\/\"},\"sameAs\":[\"https:\/\/www.facebook.com\/arcticdesignweek\",\"https:\/\/x.com\/Arctic_D_Week\",\"https:\/\/www.instagram.com\/arcticdesignweek\/\",\"https:\/\/www.youtube.com\/channel\/UCvGHdF2zXScI_wKMCswPbUQ\"]}]}<\/script>\n<!-- \/ Yoast SEO plugin. -->","yoast_head_json":{"title":"Environmental promise - Arctic Design Week","robots":{"index":"index","follow":"follow","max-snippet":"max-snippet:-1","max-image-preview":"max-image-preview:large","max-video-preview":"max-video-preview:-1"},"canonical":"https:\/\/www.arcticdesignweek.fi\/en\/environmental-promise\/","og_locale":"en_US","og_type":"article","og_title":"Environmental promise - Arctic Design Week","og_description":"ARCTIC DESIGN WEEK\u2019S ENVIRONMENTAL PLEDGE In Arctic Design Week activities, responsibility is the main theme and value that directs the production of content. Arctic Design Week wants to help the Arctic region to achieve success, which is why we want to promote sustainable development and business that is implemented in an ethical way.\u00a0 ADW wants [&hellip;]","og_url":"https:\/\/www.arcticdesignweek.fi\/en\/environmental-promise\/","og_site_name":"Arctic Design Week","article_publisher":"https:\/\/www.facebook.com\/arcticdesignweek","article_modified_time":"2021-11-05T12:13:58+00:00","og_image":[{"width":1500,"height":698,"url":"https:\/\/www.arcticdesignweek.fi\/wp-content\/uploads\/2021\/04\/ArcticDesignWeek_owl_10-1.jpg","type":"image\/jpeg"}],"twitter_card":"summary_large_image","twitter_site":"@Arctic_D_Week","twitter_misc":{"Est. reading time":"2 minutes"},"schema":{"@context":"https:\/\/schema.org","@graph":[{"@type":"WebPage","@id":"https:\/\/www.arcticdesignweek.fi\/en\/environmental-promise\/","url":"https:\/\/www.arcticdesignweek.fi\/en\/environmental-promise\/","name":"Environmental promise - Arctic Design Week","isPartOf":{"@id":"https:\/\/www.arcticdesignweek.fi\/en\/#website"},"primaryImageOfPage":{"@id":"https:\/\/www.arcticdesignweek.fi\/en\/environmental-promise\/#primaryimage"},"image":{"@id":"https:\/\/www.arcticdesignweek.fi\/en\/environmental-promise\/#primaryimage"},"thumbnailUrl":"https:\/\/www.arcticdesignweek.fi\/wp-content\/uploads\/2021\/04\/ArcticDesignWeek_owl_10-1.jpg","datePublished":"2021-10-29T05:52:58+00:00","dateModified":"2021-11-05T12:13:58+00:00","breadcrumb":{"@id":"https:\/\/www.arcticdesignweek.fi\/en\/environmental-promise\/#breadcrumb"},"inLanguage":"en-US","potentialAction":[{"@type":"ReadAction","target":["https:\/\/www.arcticdesignweek.fi\/en\/environmental-promise\/"]}]},{"@type":"ImageObject","inLanguage":"en-US","@id":"https:\/\/www.arcticdesignweek.fi\/en\/environmental-promise\/#primaryimage","url":"https:\/\/www.arcticdesignweek.fi\/wp-content\/uploads\/2021\/04\/ArcticDesignWeek_owl_10-1.jpg","contentUrl":"https:\/\/www.arcticdesignweek.fi\/wp-content\/uploads\/2021\/04\/ArcticDesignWeek_owl_10-1.jpg","width":1500,"height":698},{"@type":"BreadcrumbList","@id":"https:\/\/www.arcticdesignweek.fi\/en\/environmental-promise\/#breadcrumb","itemListElement":[{"@type":"ListItem","position":1,"name":"Home","item":"https:\/\/www.arcticdesignweek.fi\/en\/"},{"@type":"ListItem","position":2,"name":"Environmental promise"}]},{"@type":"WebSite","@id":"https:\/\/www.arcticdesignweek.fi\/en\/#website","url":"https:\/\/www.arcticdesignweek.fi\/en\/","name":"Arctic Design Week","description":"2020","publisher":{"@id":"https:\/\/www.arcticdesignweek.fi\/en\/#organization"},"potentialAction":[{"@type":"SearchAction","target":{"@type":"EntryPoint","urlTemplate":"https:\/\/www.arcticdesignweek.fi\/en\/?s={search_term_string}"},"query-input":{"@type":"PropertyValueSpecification","valueRequired":true,"valueName":"search_term_string"}}],"inLanguage":"en-US"},{"@type":"Organization","@id":"https:\/\/www.arcticdesignweek.fi\/en\/#organization","name":"Arctic Design Week","url":"https:\/\/www.arcticdesignweek.fi\/en\/","logo":{"@type":"ImageObject","inLanguage":"en-US","@id":"https:\/\/www.arcticdesignweek.fi\/en\/#\/schema\/logo\/image\/","url":"https:\/\/www.arcticdesignweek.fi\/wp-content\/uploads\/2019\/11\/ArcticDesignWeek_Favicon_600px.jpg","contentUrl":"https:\/\/www.arcticdesignweek.fi\/wp-content\/uploads\/2019\/11\/ArcticDesignWeek_Favicon_600px.jpg","width":600,"height":600,"caption":"Arctic Design Week"},"image":{"@id":"https:\/\/www.arcticdesignweek.fi\/en\/#\/schema\/logo\/image\/"},"sameAs":["https:\/\/www.facebook.com\/arcticdesignweek","https:\/\/x.com\/Arctic_D_Week","https:\/\/www.instagram.com\/arcticdesignweek\/","https:\/\/www.youtube.com\/channel\/UCvGHdF2zXScI_wKMCswPbUQ"]}]}},"_links":{"self":[{"href":"https:\/\/www.arcticdesignweek.fi\/en\/wp-json\/wp\/v2\/pages\/10624","targetHints":{"allow":["GET"]}}],"collection":[{"href":"https:\/\/www.arcticdesignweek.fi\/en\/wp-json\/wp\/v2\/pages"}],"about":[{"href":"https:\/\/www.arcticdesignweek.fi\/en\/wp-json\/wp\/v2\/types\/page"}],"author":[{"embeddable":true,"href":"https:\/\/www.arcticdesignweek.fi\/en\/wp-json\/wp\/v2\/users\/1"}],"replies":[{"embeddable":true,"href":"https:\/\/www.arcticdesignweek.fi\/en\/wp-json\/wp\/v2\/comments?post=10624"}],"version-history":[{"count":4,"href":"https:\/\/www.arcticdesignweek.fi\/en\/wp-json\/wp\/v2\/pages\/10624\/revisions"}],"predecessor-version":[{"id":10633,"href":"https:\/\/www.arcticdesignweek.fi\/en\/wp-json\/wp\/v2\/pages\/10624\/revisions\/10633"}],"wp:featuredmedia":[{"embeddable":true,"href":"https:\/\/www.arcticdesignweek.fi\/en\/wp-json\/wp\/v2\/media\/10147"}],"wp:attachment":[{"href":"https:\/\/www.arcticdesignweek.fi\/en\/wp-json\/wp\/v2\/media?parent=10624"}],"curies":[{"name":"wp","href":"https:\/\/api.w.org\/{rel}","templated":true}]}}