{"id":4501,"date":"2019-11-20T08:30:39","date_gmt":"2019-11-20T06:30:39","guid":{"rendered":"https:\/\/www.arcticdesignweek.fi\/?page_id=4501"},"modified":"2023-03-16T10:42:31","modified_gmt":"2023-03-16T08:42:31","slug":"programme","status":"publish","type":"page","link":"https:\/\/www.arcticdesignweek.fi\/en\/programme\/","title":{"rendered":"Programme"},"content":{"rendered":"<p>[et_pb_section fb_built=&#8221;1&#8243; fullwidth=&#8221;on&#8221; _builder_version=&#8221;4.16&#8243; global_colors_info=&#8221;{}&#8221;][et_pb_fullwidth_header title=&#8221;Arctic Arena&#8221; subhead=&#8221;\u2013 northern place to meet&#8221; text_orientation=&#8221;center&#8221; admin_label=&#8221;Koko sivun levyinen otsikko&#8221; module_class=&#8221;ylaotsikko&#8221; _builder_version=&#8221;4.18.0&#8243; title_font=&#8221;|300|||||||&#8221; background_enable_color=&#8221;off&#8221; background_image=&#8221;https:\/\/www.arcticdesignweek.fi\/wp-content\/uploads\/2020\/10\/ArcticDesignWeek2021_Tanssipari-ja-mies-karvalakissa_2.jpg&#8221; custom_padding=&#8221;200px||200px||true|false&#8221; global_colors_info=&#8221;{}&#8221;][\/et_pb_fullwidth_header][\/et_pb_section][et_pb_section fb_built=&#8221;1&#8243; _builder_version=&#8221;4.16&#8243; background_color=&#8221;#f6f6f6&#8243; global_colors_info=&#8221;{}&#8221;][et_pb_row _builder_version=&#8221;4.18.0&#8243; _module_preset=&#8221;default&#8221; global_colors_info=&#8221;{}&#8221;][et_pb_column type=&#8221;4_4&#8243; _builder_version=&#8221;4.18.0&#8243; _module_preset=&#8221;default&#8221; global_colors_info=&#8221;{}&#8221;][et_pb_text _builder_version=&#8221;4.18.0&#8243; _module_preset=&#8221;default&#8221; text_orientation=&#8221;center&#8221; global_colors_info=&#8221;{}&#8221;]<\/p>\n<h2>Better Future with Arctic Smartness<\/h2>\n<p>[\/et_pb_text][et_pb_text _builder_version=&#8221;4.18.0&#8243; _module_preset=&#8221;default&#8221; text_orientation=&#8221;center&#8221; global_colors_info=&#8221;{}&#8221;]<\/p>\n<p><em>We live with nature. There\u2019s no other way to live. We do it in an intelligent way. We can\u2019t afford to do it unintelligently. Arctic smartness is common sense and a connection with nature. This can be seen in design as well. We bring Arctic intelligence to technology and the newest technology for everywhere. Opportunities are limitless when we combine our Arctic intelligence across different sectors. <\/em><\/p>\n<p><em>Join us in designing a better future!<\/em><\/p>\n<p>[\/et_pb_text][et_pb_button button_url=&#8221;https:\/\/www.arcticdesignweek.fi\/en\/media\/&#8221; button_text=&#8221;TOPICAL&#8221; button_alignment=&#8221;center&#8221; _builder_version=&#8221;4.16&#8243; global_colors_info=&#8221;{}&#8221;][\/et_pb_button][\/et_pb_column][\/et_pb_row][et_pb_row _builder_version=&#8221;4.20.2&#8243; _module_preset=&#8221;default&#8221;][et_pb_column _builder_version=&#8221;4.20.2&#8243; _module_preset=&#8221;default&#8221; type=&#8221;4_4&#8243;][et_pb_button button_text=&#8221;Programme 2023&#8243; _builder_version=&#8221;4.20.2&#8243; _module_preset=&#8221;default&#8221; button_url=&#8221;https:\/\/tapahtumat.rovaniemi.fi\/fi-FI\/topic\/5f6ddca59c37c725bf96167b&#8221; hover_enabled=&#8221;0&#8243; sticky_enabled=&#8221;0&#8243; button_alignment=&#8221;center&#8221;][\/et_pb_button][\/et_pb_column][\/et_pb_row][\/et_pb_section][et_pb_section fb_built=&#8221;1&#8243; _builder_version=&#8221;4.16&#8243; global_colors_info=&#8221;{}&#8221;][et_pb_row _builder_version=&#8221;4.16&#8243; global_colors_info=&#8221;{}&#8221;][et_pb_column type=&#8221;4_4&#8243; _builder_version=&#8221;4.16&#8243; global_colors_info=&#8221;{}&#8221;][et_pb_text _builder_version=&#8221;4.16&#8243; global_colors_info=&#8221;{}&#8221;]<\/p>\n<h2 style=\"text-align: center;\">Arktista Vimmaa kattaa monipuolisesti<\/h2>\n<h2 style=\"text-align: center;\">eri kulttuurin alat<\/h2>\n<p>[\/et_pb_text][et_pb_divider divider_position=&#8221;center&#8221; divider_weight=&#8221;2px&#8221; disabled_on=&#8221;off|off|off&#8221; _builder_version=&#8221;4.16&#8243; max_width=&#8221;100px&#8221; module_alignment=&#8221;center&#8221; height=&#8221;false&#8221; custom_margin=&#8221;-10px||||false|false&#8221; animation_direction=&#8221;top&#8221; saved_tabs=&#8221;all&#8221; locked=&#8221;off&#8221; global_colors_info=&#8221;{}&#8221;][\/et_pb_divider][\/et_pb_column][\/et_pb_row][et_pb_row column_structure=&#8221;1_6,1_6,1_6,1_6,1_6,1_6&#8243; _builder_version=&#8221;4.16&#8243; global_colors_info=&#8221;{}&#8221;][et_pb_column type=&#8221;1_6&#8243; _builder_version=&#8221;4.16&#8243; global_colors_info=&#8221;{}&#8221;][et_pb_image src=&#8221;https:\/\/www.arcticdesignweek.fi\/wp-content\/uploads\/2020\/02\/av_merkki_oranssi-1.jpg&#8221; _builder_version=&#8221;4.16&#8243; global_colors_info=&#8221;{}&#8221;][\/et_pb_image][\/et_pb_column][et_pb_column type=&#8221;1_6&#8243; _builder_version=&#8221;4.16&#8243; global_colors_info=&#8221;{}&#8221;][et_pb_image src=&#8221;https:\/\/www.arcticdesignweek.fi\/wp-content\/uploads\/2020\/02\/av_merkki_purppura.jpg&#8221; _builder_version=&#8221;4.16&#8243; global_colors_info=&#8221;{}&#8221;][\/et_pb_image][\/et_pb_column][et_pb_column type=&#8221;1_6&#8243; _builder_version=&#8221;4.16&#8243; global_colors_info=&#8221;{}&#8221;][et_pb_image src=&#8221;https:\/\/www.arcticdesignweek.fi\/wp-content\/uploads\/2020\/02\/av_merkki_keltainen-1.png&#8221; _builder_version=&#8221;4.16&#8243; global_colors_info=&#8221;{}&#8221;][\/et_pb_image][\/et_pb_column][et_pb_column type=&#8221;1_6&#8243; _builder_version=&#8221;4.16&#8243; global_colors_info=&#8221;{}&#8221;][et_pb_image src=&#8221;https:\/\/www.arcticdesignweek.fi\/wp-content\/uploads\/2020\/02\/av_merkki_sininen.jpg&#8221; _builder_version=&#8221;4.16&#8243; global_colors_info=&#8221;{}&#8221;][\/et_pb_image][\/et_pb_column][et_pb_column type=&#8221;1_6&#8243; _builder_version=&#8221;4.16&#8243; global_colors_info=&#8221;{}&#8221;][et_pb_image src=&#8221;https:\/\/www.arcticdesignweek.fi\/wp-content\/uploads\/2020\/02\/av_merkki_vihre\u00e4.png&#8221; _builder_version=&#8221;4.16&#8243; global_colors_info=&#8221;{}&#8221;][\/et_pb_image][\/et_pb_column][et_pb_column type=&#8221;1_6&#8243; _builder_version=&#8221;4.16&#8243; global_colors_info=&#8221;{}&#8221;][et_pb_image src=&#8221;https:\/\/www.arcticdesignweek.fi\/wp-content\/uploads\/2020\/02\/av_merkki_pinkki-1.jpg&#8221; _builder_version=&#8221;4.16&#8243; global_colors_info=&#8221;{}&#8221;][\/et_pb_image][\/et_pb_column][\/et_pb_row][et_pb_row column_structure=&#8221;1_6,1_6,1_6,1_6,1_6,1_6&#8243; _builder_version=&#8221;4.16&#8243; custom_margin=&#8221;0px||||false|false&#8221; custom_padding=&#8221;0px||||false|false&#8221; global_colors_info=&#8221;{}&#8221;][et_pb_column type=&#8221;1_6&#8243; _builder_version=&#8221;4.16&#8243; global_colors_info=&#8221;{}&#8221;][et_pb_text _builder_version=&#8221;4.16&#8243; global_colors_info=&#8221;{}&#8221;]<\/p>\n<p style=\"text-align: center;\"><strong>P\u00e4\u00e4v\u00e4ri ja kirjallisuus<\/strong><\/p>\n<p>[\/et_pb_text][\/et_pb_column][et_pb_column type=&#8221;1_6&#8243; _builder_version=&#8221;4.16&#8243; global_colors_info=&#8221;{}&#8221;][et_pb_text _builder_version=&#8221;4.16&#8243; global_colors_info=&#8221;{}&#8221;]<\/p>\n<p style=\"text-align: center;\"><strong>Taide<\/strong><\/p>\n<p>[\/et_pb_text][\/et_pb_column][et_pb_column type=&#8221;1_6&#8243; _builder_version=&#8221;4.16&#8243; global_colors_info=&#8221;{}&#8221;][et_pb_text _builder_version=&#8221;4.16&#8243; global_colors_info=&#8221;{}&#8221;]<\/p>\n<p style=\"text-align: center;\"><b>Musiikki ja tanssi<\/b><\/p>\n<p>[\/et_pb_text][\/et_pb_column][et_pb_column type=&#8221;1_6&#8243; _builder_version=&#8221;4.16&#8243; global_colors_info=&#8221;{}&#8221;][et_pb_text _builder_version=&#8221;4.16&#8243; global_colors_info=&#8221;{}&#8221;]<\/p>\n<p style=\"text-align: center;\"><b>Ty\u00f6pajat<\/b><\/p>\n<p>[\/et_pb_text][\/et_pb_column][et_pb_column type=&#8221;1_6&#8243; _builder_version=&#8221;4.16&#8243; global_colors_info=&#8221;{}&#8221;][et_pb_text _builder_version=&#8221;4.16&#8243; global_colors_info=&#8221;{}&#8221;]<\/p>\n<p style=\"text-align: center;\"><b>Luonto<\/b><\/p>\n<p>[\/et_pb_text][\/et_pb_column][et_pb_column type=&#8221;1_6&#8243; _builder_version=&#8221;4.16&#8243; global_colors_info=&#8221;{}&#8221;][et_pb_text _builder_version=&#8221;4.16&#8243; global_colors_info=&#8221;{}&#8221;]<\/p>\n<p style=\"text-align: center;\"><b>Elokuvat ja teatteri<\/b><\/p>\n<p>[\/et_pb_text][\/et_pb_column][\/et_pb_row][\/et_pb_section]<\/p>\n","protected":false},"excerpt":{"rendered":"<p>Better Future with Arctic SmartnessWe live with nature. There\u2019s no other way to live. We do it in an intelligent way. We can\u2019t afford to do it unintelligently. Arctic smartness is common sense and a connection with nature. This can be seen in design as well. We bring Arctic intelligence to technology and the newest [&hellip;]<\/p>\n","protected":false},"author":3,"featured_media":0,"parent":0,"menu_order":0,"comment_status":"closed","ping_status":"closed","template":"","meta":{"_acf_changed":false,"_et_pb_use_builder":"on","_et_pb_old_content":"","_et_gb_content_width":"","inline_featured_image":false,"footnotes":""},"class_list":["post-4501","page","type-page","status-publish","hentry"],"acf":[],"yoast_head":"<!-- This site is optimized with the Yoast SEO plugin v26.6 - https:\/\/yoast.com\/wordpress\/plugins\/seo\/ -->\n<title>Programme - Arctic Design Week<\/title>\n<meta name=\"robots\" content=\"index, follow, max-snippet:-1, max-image-preview:large, max-video-preview:-1\" \/>\n<link rel=\"canonical\" href=\"https:\/\/www.arcticdesignweek.fi\/en\/programme\/\" \/>\n<meta property=\"og:locale\" content=\"en_US\" \/>\n<meta property=\"og:type\" content=\"article\" \/>\n<meta property=\"og:title\" content=\"Programme - Arctic Design Week\" \/>\n<meta property=\"og:description\" content=\"Better Future with Arctic SmartnessWe live with nature. There\u2019s no other way to live. We do it in an intelligent way. We can\u2019t afford to do it unintelligently. Arctic smartness is common sense and a connection with nature. This can be seen in design as well. We bring Arctic intelligence to technology and the newest [&hellip;]\" \/>\n<meta property=\"og:url\" content=\"https:\/\/www.arcticdesignweek.fi\/en\/programme\/\" \/>\n<meta property=\"og:site_name\" content=\"Arctic Design Week\" \/>\n<meta property=\"article:publisher\" content=\"https:\/\/www.facebook.com\/arcticdesignweek\" \/>\n<meta property=\"article:modified_time\" content=\"2023-03-16T08:42:31+00:00\" \/>\n<meta property=\"og:image\" content=\"https:\/\/www.arcticdesignweek.fi\/wp-content\/uploads\/2019\/10\/ArcticDesignWeek_Alisivu_1.jpg\" \/>\n\t<meta property=\"og:image:width\" content=\"1400\" \/>\n\t<meta property=\"og:image:height\" content=\"578\" \/>\n\t<meta property=\"og:image:type\" content=\"image\/jpeg\" \/>\n<meta name=\"twitter:card\" content=\"summary_large_image\" \/>\n<meta name=\"twitter:site\" content=\"@Arctic_D_Week\" \/>\n<meta name=\"twitter:label1\" content=\"Est. reading time\" \/>\n\t<meta name=\"twitter:data1\" content=\"4 minutes\" \/>\n<script type=\"application\/ld+json\" class=\"yoast-schema-graph\">{\"@context\":\"https:\/\/schema.org\",\"@graph\":[{\"@type\":\"WebPage\",\"@id\":\"https:\/\/www.arcticdesignweek.fi\/en\/programme\/\",\"url\":\"https:\/\/www.arcticdesignweek.fi\/en\/programme\/\",\"name\":\"Programme - Arctic Design Week\",\"isPartOf\":{\"@id\":\"https:\/\/www.arcticdesignweek.fi\/en\/#website\"},\"datePublished\":\"2019-11-20T06:30:39+00:00\",\"dateModified\":\"2023-03-16T08:42:31+00:00\",\"breadcrumb\":{\"@id\":\"https:\/\/www.arcticdesignweek.fi\/en\/programme\/#breadcrumb\"},\"inLanguage\":\"en-US\",\"potentialAction\":[{\"@type\":\"ReadAction\",\"target\":[\"https:\/\/www.arcticdesignweek.fi\/en\/programme\/\"]}]},{\"@type\":\"BreadcrumbList\",\"@id\":\"https:\/\/www.arcticdesignweek.fi\/en\/programme\/#breadcrumb\",\"itemListElement\":[{\"@type\":\"ListItem\",\"position\":1,\"name\":\"Home\",\"item\":\"https:\/\/www.arcticdesignweek.fi\/en\/\"},{\"@type\":\"ListItem\",\"position\":2,\"name\":\"Programme\"}]},{\"@type\":\"WebSite\",\"@id\":\"https:\/\/www.arcticdesignweek.fi\/en\/#website\",\"url\":\"https:\/\/www.arcticdesignweek.fi\/en\/\",\"name\":\"Arctic Design Week\",\"description\":\"2020\",\"publisher\":{\"@id\":\"https:\/\/www.arcticdesignweek.fi\/en\/#organization\"},\"potentialAction\":[{\"@type\":\"SearchAction\",\"target\":{\"@type\":\"EntryPoint\",\"urlTemplate\":\"https:\/\/www.arcticdesignweek.fi\/en\/?s={search_term_string}\"},\"query-input\":{\"@type\":\"PropertyValueSpecification\",\"valueRequired\":true,\"valueName\":\"search_term_string\"}}],\"inLanguage\":\"en-US\"},{\"@type\":\"Organization\",\"@id\":\"https:\/\/www.arcticdesignweek.fi\/en\/#organization\",\"name\":\"Arctic Design Week\",\"url\":\"https:\/\/www.arcticdesignweek.fi\/en\/\",\"logo\":{\"@type\":\"ImageObject\",\"inLanguage\":\"en-US\",\"@id\":\"https:\/\/www.arcticdesignweek.fi\/en\/#\/schema\/logo\/image\/\",\"url\":\"https:\/\/www.arcticdesignweek.fi\/wp-content\/uploads\/2019\/11\/ArcticDesignWeek_Favicon_600px.jpg\",\"contentUrl\":\"https:\/\/www.arcticdesignweek.fi\/wp-content\/uploads\/2019\/11\/ArcticDesignWeek_Favicon_600px.jpg\",\"width\":600,\"height\":600,\"caption\":\"Arctic Design Week\"},\"image\":{\"@id\":\"https:\/\/www.arcticdesignweek.fi\/en\/#\/schema\/logo\/image\/\"},\"sameAs\":[\"https:\/\/www.facebook.com\/arcticdesignweek\",\"https:\/\/x.com\/Arctic_D_Week\",\"https:\/\/www.instagram.com\/arcticdesignweek\/\",\"https:\/\/www.youtube.com\/channel\/UCvGHdF2zXScI_wKMCswPbUQ\"]}]}<\/script>\n<!-- \/ Yoast SEO plugin. -->","yoast_head_json":{"title":"Programme - Arctic Design Week","robots":{"index":"index","follow":"follow","max-snippet":"max-snippet:-1","max-image-preview":"max-image-preview:large","max-video-preview":"max-video-preview:-1"},"canonical":"https:\/\/www.arcticdesignweek.fi\/en\/programme\/","og_locale":"en_US","og_type":"article","og_title":"Programme - Arctic Design Week","og_description":"Better Future with Arctic SmartnessWe live with nature. There\u2019s no other way to live. We do it in an intelligent way. We can\u2019t afford to do it unintelligently. Arctic smartness is common sense and a connection with nature. This can be seen in design as well. We bring Arctic intelligence to technology and the newest [&hellip;]","og_url":"https:\/\/www.arcticdesignweek.fi\/en\/programme\/","og_site_name":"Arctic Design Week","article_publisher":"https:\/\/www.facebook.com\/arcticdesignweek","article_modified_time":"2023-03-16T08:42:31+00:00","og_image":[{"width":1400,"height":578,"url":"https:\/\/www.arcticdesignweek.fi\/wp-content\/uploads\/2019\/10\/ArcticDesignWeek_Alisivu_1.jpg","type":"image\/jpeg"}],"twitter_card":"summary_large_image","twitter_site":"@Arctic_D_Week","twitter_misc":{"Est. reading time":"4 minutes"},"schema":{"@context":"https:\/\/schema.org","@graph":[{"@type":"WebPage","@id":"https:\/\/www.arcticdesignweek.fi\/en\/programme\/","url":"https:\/\/www.arcticdesignweek.fi\/en\/programme\/","name":"Programme - Arctic Design Week","isPartOf":{"@id":"https:\/\/www.arcticdesignweek.fi\/en\/#website"},"datePublished":"2019-11-20T06:30:39+00:00","dateModified":"2023-03-16T08:42:31+00:00","breadcrumb":{"@id":"https:\/\/www.arcticdesignweek.fi\/en\/programme\/#breadcrumb"},"inLanguage":"en-US","potentialAction":[{"@type":"ReadAction","target":["https:\/\/www.arcticdesignweek.fi\/en\/programme\/"]}]},{"@type":"BreadcrumbList","@id":"https:\/\/www.arcticdesignweek.fi\/en\/programme\/#breadcrumb","itemListElement":[{"@type":"ListItem","position":1,"name":"Home","item":"https:\/\/www.arcticdesignweek.fi\/en\/"},{"@type":"ListItem","position":2,"name":"Programme"}]},{"@type":"WebSite","@id":"https:\/\/www.arcticdesignweek.fi\/en\/#website","url":"https:\/\/www.arcticdesignweek.fi\/en\/","name":"Arctic Design Week","description":"2020","publisher":{"@id":"https:\/\/www.arcticdesignweek.fi\/en\/#organization"},"potentialAction":[{"@type":"SearchAction","target":{"@type":"EntryPoint","urlTemplate":"https:\/\/www.arcticdesignweek.fi\/en\/?s={search_term_string}"},"query-input":{"@type":"PropertyValueSpecification","valueRequired":true,"valueName":"search_term_string"}}],"inLanguage":"en-US"},{"@type":"Organization","@id":"https:\/\/www.arcticdesignweek.fi\/en\/#organization","name":"Arctic Design Week","url":"https:\/\/www.arcticdesignweek.fi\/en\/","logo":{"@type":"ImageObject","inLanguage":"en-US","@id":"https:\/\/www.arcticdesignweek.fi\/en\/#\/schema\/logo\/image\/","url":"https:\/\/www.arcticdesignweek.fi\/wp-content\/uploads\/2019\/11\/ArcticDesignWeek_Favicon_600px.jpg","contentUrl":"https:\/\/www.arcticdesignweek.fi\/wp-content\/uploads\/2019\/11\/ArcticDesignWeek_Favicon_600px.jpg","width":600,"height":600,"caption":"Arctic Design Week"},"image":{"@id":"https:\/\/www.arcticdesignweek.fi\/en\/#\/schema\/logo\/image\/"},"sameAs":["https:\/\/www.facebook.com\/arcticdesignweek","https:\/\/x.com\/Arctic_D_Week","https:\/\/www.instagram.com\/arcticdesignweek\/","https:\/\/www.youtube.com\/channel\/UCvGHdF2zXScI_wKMCswPbUQ"]}]}},"_links":{"self":[{"href":"https:\/\/www.arcticdesignweek.fi\/en\/wp-json\/wp\/v2\/pages\/4501","targetHints":{"allow":["GET"]}}],"collection":[{"href":"https:\/\/www.arcticdesignweek.fi\/en\/wp-json\/wp\/v2\/pages"}],"about":[{"href":"https:\/\/www.arcticdesignweek.fi\/en\/wp-json\/wp\/v2\/types\/page"}],"author":[{"embeddable":true,"href":"https:\/\/www.arcticdesignweek.fi\/en\/wp-json\/wp\/v2\/users\/3"}],"replies":[{"embeddable":true,"href":"https:\/\/www.arcticdesignweek.fi\/en\/wp-json\/wp\/v2\/comments?post=4501"}],"version-history":[{"count":17,"href":"https:\/\/www.arcticdesignweek.fi\/en\/wp-json\/wp\/v2\/pages\/4501\/revisions"}],"predecessor-version":[{"id":12322,"href":"https:\/\/www.arcticdesignweek.fi\/en\/wp-json\/wp\/v2\/pages\/4501\/revisions\/12322"}],"wp:attachment":[{"href":"https:\/\/www.arcticdesignweek.fi\/en\/wp-json\/wp\/v2\/media?parent=4501"}],"curies":[{"name":"wp","href":"https:\/\/api.w.org\/{rel}","templated":true}]}}