{"id":5100,"date":"2020-01-20T14:46:36","date_gmt":"2020-01-20T12:46:36","guid":{"rendered":"https:\/\/www.arcticdesignweek.fi\/?page_id=5100"},"modified":"2020-01-20T14:50:07","modified_gmt":"2020-01-20T12:50:07","slug":"dash-lapland","status":"publish","type":"page","link":"https:\/\/www.arcticdesignweek.fi\/en\/dash-lapland\/","title":{"rendered":"DASH Lapland"},"content":{"rendered":"<p>[et_pb_section fb_built=&#8221;1&#8243; fullwidth=&#8221;on&#8221; _builder_version=&#8221;3.29.3&#8243; locked=&#8221;off&#8221;][et_pb_fullwidth_header title=&#8221;DASH Lapland&#8221; subhead=&#8221;The northernmost design hackathon &#8221; text_orientation=&#8221;center&#8221; admin_label=&#8221;Kirjoita t\u00e4h\u00e4n koko sivun levyinen otsikko&#8221; module_class=&#8221;ylaotsikko&#8221; _builder_version=&#8221;4.1&#8243; title_font=&#8221;|300|||||||&#8221; background_enable_color=&#8221;off&#8221; background_image=&#8221;https:\/\/www.arcticdesignweek.fi\/wp-content\/uploads\/2019\/10\/ArcticDesignWeek_Tausta_tumma.jpg&#8221; hover_enabled=&#8221;0&#8243;][\/et_pb_fullwidth_header][\/et_pb_section][et_pb_section fb_built=&#8221;1&#8243; _builder_version=&#8221;3.29.3&#8243; locked=&#8221;off&#8221;][et_pb_row _builder_version=&#8221;4.1&#8243;][et_pb_column type=&#8221;4_4&#8243; _builder_version=&#8221;4.1&#8243;][et_pb_image src=&#8221;https:\/\/www.arcticdesignweek.fi\/wp-content\/uploads\/2020\/01\/DASH2020kuva.jpg&#8221; _builder_version=&#8221;4.1&#8243;][\/et_pb_image][\/et_pb_column][\/et_pb_row][et_pb_row _builder_version=&#8221;3.29.3&#8243;][et_pb_column type=&#8221;4_4&#8243; _builder_version=&#8221;3.29.3&#8243;][et_pb_text admin_label=&#8221;Kirjoita t\u00e4h\u00e4n otsikko&#8221; _builder_version=&#8221;4.1&#8243; text_orientation=&#8221;center&#8221; custom_margin=&#8221;||||false|false&#8221; custom_padding=&#8221;||||false|false&#8221; hover_enabled=&#8221;0&#8243;]<\/p>\n<h3><strong>Dash Lapland \u2013 The northernmost design hackathon coming in 17.-19.4.2020, Rovaniemi.\u00a0<\/strong><\/h3>\n<p>[\/et_pb_text][et_pb_divider divider_position=&#8221;center&#8221; divider_weight=&#8221;2px&#8221; disabled_on=&#8221;off|off|off&#8221; _builder_version=&#8221;4.0.3&#8243; max_width=&#8221;100px&#8221; module_alignment=&#8221;center&#8221; height=&#8221;false&#8221; custom_margin=&#8221;-10px||||false|false&#8221; animation_direction=&#8221;top&#8221; saved_tabs=&#8221;all&#8221; locked=&#8221;off&#8221;][\/et_pb_divider][et_pb_text admin_label=&#8221;Ingressi&#8221; module_class=&#8221;kavennettuingressi&#8221; _builder_version=&#8221;4.1&#8243; text_font_size=&#8221;18px&#8221; text_orientation=&#8221;center&#8221; hover_enabled=&#8221;0&#8243;]<\/p>\n<p>In Dash Lapland we work for a common mission: bringing design thinking into practice.<\/p>\n<p>[\/et_pb_text][et_pb_text module_class=&#8221;kavennettuteksti&#8221; _builder_version=&#8221;4.1&#8243; text_orientation=&#8221;center&#8221; hover_enabled=&#8221;0&#8243;]<\/p>\n<p>In Dash Lapland we work for a common mission: bringing design thinking into practice. Our primary goal is to promote design thinking as a tool for companies for problem solving and to challenge people to be brave when it comes to creating new solutions. Dash Lapland brings people together from all over the world to an unique environment to experience the power of teamwork. Design hackathons have the potential to solve real life problems companies are facing. This is what we at Dash Lapland want to embrace!<\/p>\n<p>Dash Lapland is organized by a team of design-inspired students from diverse backgrounds. The first Dash Lapland design hackathon was held in spring 2019 and it was spectacular!<\/p>\n<p>[\/et_pb_text][et_pb_button button_url=&#8221;https:\/\/www.dashlapland.com&#8221; button_text=&#8221;Read more&#8221; button_alignment=&#8221;center&#8221; _builder_version=&#8221;4.1&#8243; hover_enabled=&#8221;0&#8243;][\/et_pb_button][\/et_pb_column][\/et_pb_row][et_pb_row _builder_version=&#8221;4.1&#8243;][et_pb_column type=&#8221;4_4&#8243; _builder_version=&#8221;4.1&#8243;][et_pb_video src=&#8221;https:\/\/www.youtube.com\/watch?v=YIv0xGTeMZo&#8221; thumbnail_overlay_color=&#8221;rgba(0,0,0,0.6)&#8221; _builder_version=&#8221;4.1&#8243;][\/et_pb_video][\/et_pb_column][\/et_pb_row][\/et_pb_section][et_pb_section fb_built=&#8221;1&#8243; _builder_version=&#8221;3.29.3&#8243; background_image=&#8221;https:\/\/www.arcticdesignweek.fi\/wp-content\/uploads\/2019\/10\/ArcticDesignWeek_Tausta_vaalea.jpg&#8221;][et_pb_row _builder_version=&#8221;3.29.3&#8243;][et_pb_column type=&#8221;4_4&#8243; _builder_version=&#8221;3.29.3&#8243;][\/et_pb_column][\/et_pb_row][\/et_pb_section]<\/p>\n","protected":false},"excerpt":{"rendered":"<p>Dash Lapland \u2013 The northernmost design hackathon coming in 17.-19.4.2020, Rovaniemi.\u00a0In Dash Lapland we work for a common mission: bringing design thinking into practice.In Dash Lapland we work for a common mission: bringing design thinking into practice. Our primary goal is to promote design thinking as a tool for companies for problem solving and to [&hellip;]<\/p>\n","protected":false},"author":3,"featured_media":0,"parent":0,"menu_order":0,"comment_status":"closed","ping_status":"closed","template":"","meta":{"_acf_changed":false,"_et_pb_use_builder":"on","_et_pb_old_content":"[et_pb_section fb_built=\"1\" fullwidth=\"on\" _builder_version=\"3.29.3\" locked=\"off\"][et_pb_fullwidth_header title=\"DASH Lapland\" text_orientation=\"center\" admin_label=\"Kirjoita t\u00e4h\u00e4n koko sivun levyinen otsikko\" module_class=\"ylaotsikko\" _builder_version=\"4.1\" title_font=\"|300|||||||\" background_enable_color=\"off\" background_image=\"https:\/\/www.arcticdesignweek.fi\/wp-content\/uploads\/2019\/10\/ArcticDesignWeek_Tausta_tumma.jpg\" hover_enabled=\"0\" subhead=\"Maailman pohjoisin Design Hackathon\"][\/et_pb_fullwidth_header][\/et_pb_section][et_pb_section fb_built=\"1\" _builder_version=\"3.29.3\" locked=\"off\"][et_pb_row _builder_version=\"4.1\"][et_pb_column type=\"4_4\" _builder_version=\"4.1\"][et_pb_image src=\"https:\/\/www.arcticdesignweek.fi\/wp-content\/uploads\/2020\/01\/DASH2020kuva.jpg\" _builder_version=\"4.1\"][\/et_pb_image][\/et_pb_column][\/et_pb_row][et_pb_row _builder_version=\"3.29.3\"][et_pb_column type=\"4_4\" _builder_version=\"3.29.3\"][et_pb_text admin_label=\"Kirjoita t\u00e4h\u00e4n otsikko\" _builder_version=\"4.1\" text_orientation=\"center\" custom_margin=\"||||false|false\" custom_padding=\"||||false|false\"]<h3><strong>Dash Lapland \u2013 Maailman pohjoisin design hackathon tulossa 17.-19.4.2020, Rovaniemell\u00e4\u00a0<\/strong><\/h3>[\/et_pb_text][et_pb_divider divider_position=\"center\" divider_weight=\"2px\" disabled_on=\"off|off|off\" _builder_version=\"4.0.3\" max_width=\"100px\" module_alignment=\"center\" height=\"false\" custom_margin=\"-10px||||false|false\" animation_direction=\"top\" global_module=\"369\" saved_tabs=\"all\" locked=\"off\"][\/et_pb_divider][et_pb_text admin_label=\"Ingressi\" module_class=\"kavennettuingressi\" _builder_version=\"4.1\" text_font_size=\"18px\" text_orientation=\"center\"]<p>Dash Lapland tuo yhteen eri alojen osaajia ymp\u00e4ri maailmaa haastamaan ja oppimaan tiimity\u00f6skentelyn vahvuuksia ongelmanratkaisukyky\u00e4 vaativissa haasteissa.<\/p>[\/et_pb_text][et_pb_text module_class=\"kavennettuteksti\" _builder_version=\"4.1\" text_orientation=\"center\"]<p>\u00a0Dash Laplandin t\u00e4rkein tavoite on hy\u00f6dynt\u00e4\u00e4 muotoiluajattelua yritysten ongelmanratkaisussa ja rohkaista osallistujia haastamaan itsens\u00e4. Design hackathonissamme osallistujat ratkaisevat yritysten todellisia ongelmia muotoiluajattelun keinoin. Haluamme nostaa esiin muotoiluajattelun hy\u00f6tyj\u00e4 k\u00e4yt\u00e4nn\u00f6n liiketoiminnan kehitt\u00e4misess\u00e4.<\/p>\r\n<p>Dash Laplandin taustalla on monialainen tiimi korkeakouluopiskelijoita. Dash Lapland design hackathon j\u00e4rjestettiin ensimm\u00e4isen kerran kev\u00e4\u00e4ll\u00e4 2019, ja tapahtuma oli menestys!<\/p>\r\n<p>T\u00e4n\u00e4 kev\u00e4\u00e4n\u00e4 Dash Lapland tuo yhteen uudet yritykset, uudet haasteet ja uudet osallistujat. Ennen kaikkea se tulee uudenlaisena kokemuksena! <a href=\"https:\/\/www.dashlapland.com%20\">K\u00e4y katsomassa sivuiltamme, milt\u00e4 Dash Lapland 2020 n\u00e4ytt\u00e4\u00e4.<\/a><\/p>[\/et_pb_text][et_pb_button button_url=\"https:\/\/www.dashlapland.com\" button_text=\"Lue lis\u00e4\u00e4\" button_alignment=\"center\" _builder_version=\"4.1\"][\/et_pb_button][\/et_pb_column][\/et_pb_row][et_pb_row _builder_version=\"4.1\"][et_pb_column type=\"4_4\" _builder_version=\"4.1\"][et_pb_video src=\"https:\/\/www.youtube.com\/watch?v=YIv0xGTeMZo\" thumbnail_overlay_color=\"rgba(0,0,0,0.6)\" _builder_version=\"4.1\"][\/et_pb_video][\/et_pb_column][\/et_pb_row][\/et_pb_section][et_pb_section fb_built=\"1\" _builder_version=\"3.29.3\" background_image=\"https:\/\/www.arcticdesignweek.fi\/wp-content\/uploads\/2019\/10\/ArcticDesignWeek_Tausta_vaalea.jpg\"][et_pb_row _builder_version=\"3.29.3\"][et_pb_column type=\"4_4\" _builder_version=\"3.29.3\"][\/et_pb_column][\/et_pb_row][\/et_pb_section]","_et_gb_content_width":"","inline_featured_image":false,"footnotes":""},"class_list":["post-5100","page","type-page","status-publish","hentry"],"acf":[],"yoast_head":"<!-- This site is optimized with the Yoast SEO plugin v26.6 - https:\/\/yoast.com\/wordpress\/plugins\/seo\/ -->\n<title>DASH Lapland - Arctic Design Week<\/title>\n<meta name=\"robots\" content=\"index, follow, max-snippet:-1, max-image-preview:large, max-video-preview:-1\" \/>\n<link rel=\"canonical\" href=\"https:\/\/www.arcticdesignweek.fi\/en\/dash-lapland\/\" \/>\n<meta property=\"og:locale\" content=\"en_US\" \/>\n<meta property=\"og:type\" content=\"article\" \/>\n<meta property=\"og:title\" content=\"DASH Lapland - Arctic Design Week\" \/>\n<meta property=\"og:description\" content=\"Dash Lapland \u2013 The northernmost design hackathon coming in 17.-19.4.2020, Rovaniemi.\u00a0In Dash Lapland we work for a common mission: bringing design thinking into practice.In Dash Lapland we work for a common mission: bringing design thinking into practice. Our primary goal is to promote design thinking as a tool for companies for problem solving and to [&hellip;]\" \/>\n<meta property=\"og:url\" content=\"https:\/\/www.arcticdesignweek.fi\/en\/dash-lapland\/\" \/>\n<meta property=\"og:site_name\" content=\"Arctic Design Week\" \/>\n<meta property=\"article:publisher\" content=\"https:\/\/www.facebook.com\/arcticdesignweek\" \/>\n<meta property=\"article:modified_time\" content=\"2020-01-20T12:50:07+00:00\" \/>\n<meta property=\"og:image\" content=\"https:\/\/www.arcticdesignweek.fi\/wp-content\/uploads\/2019\/10\/ArcticDesignWeek_Alisivu_1.jpg\" \/>\n\t<meta property=\"og:image:width\" content=\"1400\" \/>\n\t<meta property=\"og:image:height\" content=\"578\" \/>\n\t<meta property=\"og:image:type\" content=\"image\/jpeg\" \/>\n<meta name=\"twitter:card\" content=\"summary_large_image\" \/>\n<meta name=\"twitter:site\" content=\"@Arctic_D_Week\" \/>\n<meta name=\"twitter:label1\" content=\"Est. reading time\" \/>\n\t<meta name=\"twitter:data1\" content=\"2 minutes\" \/>\n<script type=\"application\/ld+json\" class=\"yoast-schema-graph\">{\"@context\":\"https:\/\/schema.org\",\"@graph\":[{\"@type\":\"WebPage\",\"@id\":\"https:\/\/www.arcticdesignweek.fi\/en\/dash-lapland\/\",\"url\":\"https:\/\/www.arcticdesignweek.fi\/en\/dash-lapland\/\",\"name\":\"DASH Lapland - Arctic Design Week\",\"isPartOf\":{\"@id\":\"https:\/\/www.arcticdesignweek.fi\/en\/#website\"},\"datePublished\":\"2020-01-20T12:46:36+00:00\",\"dateModified\":\"2020-01-20T12:50:07+00:00\",\"breadcrumb\":{\"@id\":\"https:\/\/www.arcticdesignweek.fi\/en\/dash-lapland\/#breadcrumb\"},\"inLanguage\":\"en-US\",\"potentialAction\":[{\"@type\":\"ReadAction\",\"target\":[\"https:\/\/www.arcticdesignweek.fi\/en\/dash-lapland\/\"]}]},{\"@type\":\"BreadcrumbList\",\"@id\":\"https:\/\/www.arcticdesignweek.fi\/en\/dash-lapland\/#breadcrumb\",\"itemListElement\":[{\"@type\":\"ListItem\",\"position\":1,\"name\":\"Home\",\"item\":\"https:\/\/www.arcticdesignweek.fi\/en\/\"},{\"@type\":\"ListItem\",\"position\":2,\"name\":\"DASH Lapland\"}]},{\"@type\":\"WebSite\",\"@id\":\"https:\/\/www.arcticdesignweek.fi\/en\/#website\",\"url\":\"https:\/\/www.arcticdesignweek.fi\/en\/\",\"name\":\"Arctic Design Week\",\"description\":\"2020\",\"publisher\":{\"@id\":\"https:\/\/www.arcticdesignweek.fi\/en\/#organization\"},\"potentialAction\":[{\"@type\":\"SearchAction\",\"target\":{\"@type\":\"EntryPoint\",\"urlTemplate\":\"https:\/\/www.arcticdesignweek.fi\/en\/?s={search_term_string}\"},\"query-input\":{\"@type\":\"PropertyValueSpecification\",\"valueRequired\":true,\"valueName\":\"search_term_string\"}}],\"inLanguage\":\"en-US\"},{\"@type\":\"Organization\",\"@id\":\"https:\/\/www.arcticdesignweek.fi\/en\/#organization\",\"name\":\"Arctic Design Week\",\"url\":\"https:\/\/www.arcticdesignweek.fi\/en\/\",\"logo\":{\"@type\":\"ImageObject\",\"inLanguage\":\"en-US\",\"@id\":\"https:\/\/www.arcticdesignweek.fi\/en\/#\/schema\/logo\/image\/\",\"url\":\"https:\/\/www.arcticdesignweek.fi\/wp-content\/uploads\/2019\/11\/ArcticDesignWeek_Favicon_600px.jpg\",\"contentUrl\":\"https:\/\/www.arcticdesignweek.fi\/wp-content\/uploads\/2019\/11\/ArcticDesignWeek_Favicon_600px.jpg\",\"width\":600,\"height\":600,\"caption\":\"Arctic Design Week\"},\"image\":{\"@id\":\"https:\/\/www.arcticdesignweek.fi\/en\/#\/schema\/logo\/image\/\"},\"sameAs\":[\"https:\/\/www.facebook.com\/arcticdesignweek\",\"https:\/\/x.com\/Arctic_D_Week\",\"https:\/\/www.instagram.com\/arcticdesignweek\/\",\"https:\/\/www.youtube.com\/channel\/UCvGHdF2zXScI_wKMCswPbUQ\"]}]}<\/script>\n<!-- \/ Yoast SEO plugin. -->","yoast_head_json":{"title":"DASH Lapland - Arctic Design Week","robots":{"index":"index","follow":"follow","max-snippet":"max-snippet:-1","max-image-preview":"max-image-preview:large","max-video-preview":"max-video-preview:-1"},"canonical":"https:\/\/www.arcticdesignweek.fi\/en\/dash-lapland\/","og_locale":"en_US","og_type":"article","og_title":"DASH Lapland - Arctic Design Week","og_description":"Dash Lapland \u2013 The northernmost design hackathon coming in 17.-19.4.2020, Rovaniemi.\u00a0In Dash Lapland we work for a common mission: bringing design thinking into practice.In Dash Lapland we work for a common mission: bringing design thinking into practice. Our primary goal is to promote design thinking as a tool for companies for problem solving and to [&hellip;]","og_url":"https:\/\/www.arcticdesignweek.fi\/en\/dash-lapland\/","og_site_name":"Arctic Design Week","article_publisher":"https:\/\/www.facebook.com\/arcticdesignweek","article_modified_time":"2020-01-20T12:50:07+00:00","og_image":[{"width":1400,"height":578,"url":"https:\/\/www.arcticdesignweek.fi\/wp-content\/uploads\/2019\/10\/ArcticDesignWeek_Alisivu_1.jpg","type":"image\/jpeg"}],"twitter_card":"summary_large_image","twitter_site":"@Arctic_D_Week","twitter_misc":{"Est. reading time":"2 minutes"},"schema":{"@context":"https:\/\/schema.org","@graph":[{"@type":"WebPage","@id":"https:\/\/www.arcticdesignweek.fi\/en\/dash-lapland\/","url":"https:\/\/www.arcticdesignweek.fi\/en\/dash-lapland\/","name":"DASH Lapland - Arctic Design Week","isPartOf":{"@id":"https:\/\/www.arcticdesignweek.fi\/en\/#website"},"datePublished":"2020-01-20T12:46:36+00:00","dateModified":"2020-01-20T12:50:07+00:00","breadcrumb":{"@id":"https:\/\/www.arcticdesignweek.fi\/en\/dash-lapland\/#breadcrumb"},"inLanguage":"en-US","potentialAction":[{"@type":"ReadAction","target":["https:\/\/www.arcticdesignweek.fi\/en\/dash-lapland\/"]}]},{"@type":"BreadcrumbList","@id":"https:\/\/www.arcticdesignweek.fi\/en\/dash-lapland\/#breadcrumb","itemListElement":[{"@type":"ListItem","position":1,"name":"Home","item":"https:\/\/www.arcticdesignweek.fi\/en\/"},{"@type":"ListItem","position":2,"name":"DASH Lapland"}]},{"@type":"WebSite","@id":"https:\/\/www.arcticdesignweek.fi\/en\/#website","url":"https:\/\/www.arcticdesignweek.fi\/en\/","name":"Arctic Design Week","description":"2020","publisher":{"@id":"https:\/\/www.arcticdesignweek.fi\/en\/#organization"},"potentialAction":[{"@type":"SearchAction","target":{"@type":"EntryPoint","urlTemplate":"https:\/\/www.arcticdesignweek.fi\/en\/?s={search_term_string}"},"query-input":{"@type":"PropertyValueSpecification","valueRequired":true,"valueName":"search_term_string"}}],"inLanguage":"en-US"},{"@type":"Organization","@id":"https:\/\/www.arcticdesignweek.fi\/en\/#organization","name":"Arctic Design Week","url":"https:\/\/www.arcticdesignweek.fi\/en\/","logo":{"@type":"ImageObject","inLanguage":"en-US","@id":"https:\/\/www.arcticdesignweek.fi\/en\/#\/schema\/logo\/image\/","url":"https:\/\/www.arcticdesignweek.fi\/wp-content\/uploads\/2019\/11\/ArcticDesignWeek_Favicon_600px.jpg","contentUrl":"https:\/\/www.arcticdesignweek.fi\/wp-content\/uploads\/2019\/11\/ArcticDesignWeek_Favicon_600px.jpg","width":600,"height":600,"caption":"Arctic Design Week"},"image":{"@id":"https:\/\/www.arcticdesignweek.fi\/en\/#\/schema\/logo\/image\/"},"sameAs":["https:\/\/www.facebook.com\/arcticdesignweek","https:\/\/x.com\/Arctic_D_Week","https:\/\/www.instagram.com\/arcticdesignweek\/","https:\/\/www.youtube.com\/channel\/UCvGHdF2zXScI_wKMCswPbUQ"]}]}},"_links":{"self":[{"href":"https:\/\/www.arcticdesignweek.fi\/en\/wp-json\/wp\/v2\/pages\/5100","targetHints":{"allow":["GET"]}}],"collection":[{"href":"https:\/\/www.arcticdesignweek.fi\/en\/wp-json\/wp\/v2\/pages"}],"about":[{"href":"https:\/\/www.arcticdesignweek.fi\/en\/wp-json\/wp\/v2\/types\/page"}],"author":[{"embeddable":true,"href":"https:\/\/www.arcticdesignweek.fi\/en\/wp-json\/wp\/v2\/users\/3"}],"replies":[{"embeddable":true,"href":"https:\/\/www.arcticdesignweek.fi\/en\/wp-json\/wp\/v2\/comments?post=5100"}],"version-history":[{"count":3,"href":"https:\/\/www.arcticdesignweek.fi\/en\/wp-json\/wp\/v2\/pages\/5100\/revisions"}],"predecessor-version":[{"id":5104,"href":"https:\/\/www.arcticdesignweek.fi\/en\/wp-json\/wp\/v2\/pages\/5100\/revisions\/5104"}],"wp:attachment":[{"href":"https:\/\/www.arcticdesignweek.fi\/en\/wp-json\/wp\/v2\/media?parent=5100"}],"curies":[{"name":"wp","href":"https:\/\/api.w.org\/{rel}","templated":true}]}}