{"id":7949,"date":"2020-11-13T14:30:21","date_gmt":"2020-11-13T12:30:21","guid":{"rendered":"https:\/\/www.arcticdesignweek.fi\/?page_id=7949"},"modified":"2020-11-13T16:20:54","modified_gmt":"2020-11-13T14:20:54","slug":"topical","status":"publish","type":"page","link":"https:\/\/www.arcticdesignweek.fi\/en\/topical\/","title":{"rendered":"Topical"},"content":{"rendered":"<p>[et_pb_section fb_built=&#8221;1&#8243; fullwidth=&#8221;on&#8221; _builder_version=&#8221;3.29.3&#8243; locked=&#8221;off&#8221;][et_pb_fullwidth_header title=&#8221;Topical&#8221; text_orientation=&#8221;center&#8221; admin_label=&#8221;Kirjoita t\u00e4h\u00e4n koko sivun levyinen otsikko&#8221; module_class=&#8221;ylaotsikko&#8221; _builder_version=&#8221;4.4.0&#8243; title_font=&#8221;|300|||||||&#8221; background_enable_color=&#8221;off&#8221; background_image=&#8221;https:\/\/www.arcticdesignweek.fi\/wp-content\/uploads\/2019\/10\/ArcticDesignWeek_Tausta_tumma.jpg&#8221;][\/et_pb_fullwidth_header][\/et_pb_section][et_pb_section fb_built=&#8221;1&#8243; _builder_version=&#8221;3.29.3&#8243; locked=&#8221;off&#8221;][et_pb_row _builder_version=&#8221;4.4.0&#8243;][et_pb_column type=&#8221;4_4&#8243; _builder_version=&#8221;3.29.3&#8243;][et_pb_text admin_label=&#8221;Kirjoita t\u00e4h\u00e4n otsikko&#8221; module_class=&#8221;kavennettuingressi&#8221; _builder_version=&#8221;4.4.0&#8243; text_orientation=&#8221;center&#8221; custom_margin=&#8221;||||false|false&#8221; custom_padding=&#8221;||||false|false&#8221;]<\/p>\n<h2>Arctic Design Weekin ajankohtaisnostoja\u00a0<\/h2>\n<p>[\/et_pb_text][et_pb_divider divider_position=&#8221;center&#8221; divider_weight=&#8221;2px&#8221; disabled_on=&#8221;off|off|off&#8221; _builder_version=&#8221;4.0.3&#8243; max_width=&#8221;100px&#8221; module_alignment=&#8221;center&#8221; height=&#8221;false&#8221; custom_margin=&#8221;-10px||||false|false&#8221; animation_direction=&#8221;top&#8221; saved_tabs=&#8221;all&#8221; locked=&#8221;off&#8221;][\/et_pb_divider][et_pb_text module_class=&#8221;kavennettuteksti&#8221; _builder_version=&#8221;4.4.1&#8243; text_orientation=&#8221;center&#8221;]<\/p>\n<p>Maailman pohjoisimman muotoiluviikon teht\u00e4v\u00e4n\u00e4 on nostaa esiin ja puheenaiheeksi uutisia ja ilmi\u00f6it\u00e4, jotka edesauttavat arktista aluetta menestym\u00e4\u00e4n muotoilun keinoin.<\/p>\n<p>Arctic Design Week 2021 j\u00e4rjestet\u00e4\u00e4n Rovaniemell\u00e4 entist\u00e4 kansainv\u00e4lisemp\u00e4n\u00e4 <strong>22-28.03.2021 teemalla Be proactive!<\/strong><\/p>\n<p>&nbsp;<\/p>\n<p>KORONAVIRUSOHJEISTUKSIA NOUDATETAAN VASTUULLISESTI<\/p>\n<p>https:\/\/businessrovaniemi.fi\/ensi-viikon-arctic-design-weekia-ei-peruta-kaupunkifestivaaliosuus-toteutaan\/?fbclid=IwAR3JcmZbBo71NsqryiGj8JrQSiN4yaZmKCsToW22Tq819A9eQOtCF2Je6vY<\/p>\n<p>Arctic Design Weekin ensimm\u00e4inen Muotoja -lehti on ilmestynyt 11.03.2020. Voit tutustua muotoiluviikon tarjontaan ja toimintaan<a href=\"https:\/\/issuu.com\/home\/drafts\/qqqmzrch4y\"> t\u00e4\u00e4lt\u00e4<\/a><\/p>\n<p><img loading=\"lazy\" decoding=\"async\" width=\"197\" height=\"300\" title=\"MUOTOJA -LEHTI\" class=\"aligncenter wp-image-6871 size-medium\" alt=\"Arktinen muotoilu- ja kaupunkifestivaalin Muotoja -lehti \" src=\"https:\/\/www.arcticdesignweek.fi\/wp-content\/uploads\/2020\/03\/Muotoja-kansi-197x300.jpg\" \/><\/p>\n<p>&nbsp;<\/p>\n<p>[\/et_pb_text][et_pb_button button_url=&#8221;https:\/\/www.lapinkansa.fi\/aihe\/arctic-design-week-organisaatio&#8221; button_text=&#8221;ADW Mediassa&#8221; button_alignment=&#8221;center&#8221; _builder_version=&#8221;4.0.7&#8243;][\/et_pb_button][\/et_pb_column][\/et_pb_row][et_pb_row _builder_version=&#8221;4.4.0&#8243; custom_padding=&#8221;||0px||false|false&#8221;][et_pb_column type=&#8221;4_4&#8243; _builder_version=&#8221;4.0.7&#8243;][et_pb_dpfilterable_blog include_categories=&#8221;334&#8243; show_categories=&#8221;off&#8221; show_excerpt=&#8221;on&#8221; excerpt_limit=&#8221;100&#8243; show_more=&#8221;on&#8221; show_more_text=&#8221;Read more&#8221; masonry_tile_background_color=&#8221;#ffffff&#8221; fullwidth=&#8221;off&#8221; _builder_version=&#8221;4.6.6&#8243; title_level=&#8221;h5&#8243; excerpt_more_link_text_color=&#8221;#ffd200&#8243; hover_enabled=&#8221;0&#8243; custom_css_portfolio_filters=&#8221;display:none;&#8221; custom_css_portfolio_image=&#8221;padding-bottom:20px;&#8221; custom_css_portfolio_title=&#8221;padding-left:20px;||padding-right:20px;||padding-bottom:12px;&#8221; custom_css_portfolio_excerpt=&#8221;padding-left:20px;||padding-right:20px;||padding-bottom:18px;||&#8221; custom_css_portfolio_readmore=&#8221;||&#8221; box_shadow_style=&#8221;preset2&#8243; box_shadow_horizontal=&#8221;3px&#8221; box_shadow_vertical=&#8221;2px&#8221; box_shadow_blur=&#8221;5px&#8221; sticky_enabled=&#8221;0&#8243;][\/et_pb_dpfilterable_blog][\/et_pb_column][\/et_pb_row][\/et_pb_section][et_pb_section fb_built=&#8221;1&#8243; _builder_version=&#8221;3.29.3&#8243; background_image=&#8221;https:\/\/www.arcticdesignweek.fi\/wp-content\/uploads\/2019\/10\/ArcticDesignWeek_Tausta_vaalea.jpg&#8221;][et_pb_row _builder_version=&#8221;3.29.3&#8243;][et_pb_column type=&#8221;4_4&#8243; _builder_version=&#8221;3.29.3&#8243;][et_pb_text admin_label=&#8221;Kirjoita t\u00e4h\u00e4n otsikko&#8221; module_class=&#8221;kavennettuingressi&#8221; _builder_version=&#8221;4.0.7&#8243; text_orientation=&#8221;center&#8221; custom_margin=&#8221;||||false|false&#8221; custom_padding=&#8221;||||false|false&#8221;]<\/p>\n<h2>Pysy mukana Arctic Design Weekin uutisissa sosiaalisessa mediassa<\/h2>\n<p>[\/et_pb_text][et_pb_divider divider_position=&#8221;center&#8221; divider_weight=&#8221;2px&#8221; disabled_on=&#8221;off|off|off&#8221; _builder_version=&#8221;4.0.3&#8243; max_width=&#8221;100px&#8221; module_alignment=&#8221;center&#8221; height=&#8221;false&#8221; custom_margin=&#8221;-10px||||false|false&#8221; animation_direction=&#8221;top&#8221; saved_tabs=&#8221;all&#8221; locked=&#8221;off&#8221;][\/et_pb_divider][et_pb_social_media_follow _builder_version=&#8221;4.0.7&#8243; text_orientation=&#8221;center&#8221;][et_pb_social_media_follow_network social_network=&#8221;facebook&#8221; url=&#8221;https:\/\/www.facebook.com\/arcticdesignweek\/&#8221; _builder_version=&#8221;4.0.7&#8243; background_color=&#8221;#0a0a0a&#8221; background_enable_color=&#8221;on&#8221; follow_button=&#8221;off&#8221; url_new_window=&#8221;on&#8221;]facebook[\/et_pb_social_media_follow_network][et_pb_social_media_follow_network social_network=&#8221;twitter&#8221; url=&#8221;https:\/\/twitter.com\/Arctic_D_Week&#8221; _builder_version=&#8221;4.0.7&#8243; background_color=&#8221;#0a0a0a&#8221; background_enable_color=&#8221;on&#8221; follow_button=&#8221;off&#8221; url_new_window=&#8221;on&#8221;]twitter[\/et_pb_social_media_follow_network][et_pb_social_media_follow_network social_network=&#8221;instagram&#8221; url=&#8221;https:\/\/www.instagram.com\/arcticdesignweek\/&#8221; _builder_version=&#8221;4.0.7&#8243; background_color=&#8221;#0a0a0a&#8221; background_enable_color=&#8221;on&#8221; follow_button=&#8221;off&#8221; url_new_window=&#8221;on&#8221;]instagram[\/et_pb_social_media_follow_network][et_pb_social_media_follow_network social_network=&#8221;youtube&#8221; url=&#8221;https:\/\/www.youtube.com\/channel\/UCvGHdF2zXScI_wKMCswPbUQ?view_as=subscriber&#8221; _builder_version=&#8221;4.0.7&#8243; background_color=&#8221;#0a0a0a&#8221; background_enable_color=&#8221;on&#8221; follow_button=&#8221;off&#8221; url_new_window=&#8221;on&#8221;]youtube[\/et_pb_social_media_follow_network][\/et_pb_social_media_follow][\/et_pb_column][\/et_pb_row][\/et_pb_section]<\/p>\n","protected":false},"excerpt":{"rendered":"<p>Arctic Design Weekin ajankohtaisnostoja\u00a0Maailman pohjoisimman muotoiluviikon teht\u00e4v\u00e4n\u00e4 on nostaa esiin ja puheenaiheeksi uutisia ja ilmi\u00f6it\u00e4, jotka edesauttavat arktista aluetta menestym\u00e4\u00e4n muotoilun keinoin. Arctic Design Week 2021 j\u00e4rjestet\u00e4\u00e4n Rovaniemell\u00e4 entist\u00e4 kansainv\u00e4lisemp\u00e4n\u00e4 22-28.03.2021 teemalla Be proactive! &nbsp; KORONAVIRUSOHJEISTUKSIA NOUDATETAAN VASTUULLISESTI https:\/\/businessrovaniemi.fi\/ensi-viikon-arctic-design-weekia-ei-peruta-kaupunkifestivaaliosuus-toteutaan\/?fbclid=IwAR3JcmZbBo71NsqryiGj8JrQSiN4yaZmKCsToW22Tq819A9eQOtCF2Je6vY Arctic Design Weekin ensimm\u00e4inen Muotoja -lehti on ilmestynyt 11.03.2020. Voit tutustua muotoiluviikon tarjontaan ja toimintaan t\u00e4\u00e4lt\u00e4 [&hellip;]<\/p>\n","protected":false},"author":3,"featured_media":0,"parent":0,"menu_order":0,"comment_status":"closed","ping_status":"closed","template":"","meta":{"_acf_changed":false,"_et_pb_use_builder":"on","_et_pb_old_content":"","_et_gb_content_width":"","inline_featured_image":false,"footnotes":""},"class_list":["post-7949","page","type-page","status-publish","hentry"],"acf":[],"yoast_head":"<!-- This site is optimized with the Yoast SEO plugin v26.6 - https:\/\/yoast.com\/wordpress\/plugins\/seo\/ -->\n<title>Topical - Arctic Design Week<\/title>\n<meta name=\"robots\" content=\"index, follow, max-snippet:-1, max-image-preview:large, max-video-preview:-1\" \/>\n<link rel=\"canonical\" href=\"https:\/\/www.arcticdesignweek.fi\/en\/topical\/\" \/>\n<meta property=\"og:locale\" content=\"en_US\" \/>\n<meta property=\"og:type\" content=\"article\" \/>\n<meta property=\"og:title\" content=\"Topical - Arctic Design Week\" \/>\n<meta property=\"og:description\" content=\"Arctic Design Weekin ajankohtaisnostoja\u00a0Maailman pohjoisimman muotoiluviikon teht\u00e4v\u00e4n\u00e4 on nostaa esiin ja puheenaiheeksi uutisia ja ilmi\u00f6it\u00e4, jotka edesauttavat arktista aluetta menestym\u00e4\u00e4n muotoilun keinoin. Arctic Design Week 2021 j\u00e4rjestet\u00e4\u00e4n Rovaniemell\u00e4 entist\u00e4 kansainv\u00e4lisemp\u00e4n\u00e4 22-28.03.2021 teemalla Be proactive! &nbsp; KORONAVIRUSOHJEISTUKSIA NOUDATETAAN VASTUULLISESTI https:\/\/businessrovaniemi.fi\/ensi-viikon-arctic-design-weekia-ei-peruta-kaupunkifestivaaliosuus-toteutaan\/?fbclid=IwAR3JcmZbBo71NsqryiGj8JrQSiN4yaZmKCsToW22Tq819A9eQOtCF2Je6vY Arctic Design Weekin ensimm\u00e4inen Muotoja -lehti on ilmestynyt 11.03.2020. Voit tutustua muotoiluviikon tarjontaan ja toimintaan t\u00e4\u00e4lt\u00e4 [&hellip;]\" \/>\n<meta property=\"og:url\" content=\"https:\/\/www.arcticdesignweek.fi\/en\/topical\/\" \/>\n<meta property=\"og:site_name\" content=\"Arctic Design Week\" \/>\n<meta property=\"article:publisher\" content=\"https:\/\/www.facebook.com\/arcticdesignweek\" \/>\n<meta property=\"article:modified_time\" content=\"2020-11-13T14:20:54+00:00\" \/>\n<meta property=\"og:image\" content=\"https:\/\/www.arcticdesignweek.fi\/wp-content\/uploads\/2020\/03\/Muotoja-kansi-197x300.jpg\" \/>\n<meta name=\"twitter:card\" content=\"summary_large_image\" \/>\n<meta name=\"twitter:site\" content=\"@Arctic_D_Week\" \/>\n<meta name=\"twitter:label1\" content=\"Est. reading time\" \/>\n\t<meta name=\"twitter:data1\" content=\"3 minutes\" \/>\n<script type=\"application\/ld+json\" class=\"yoast-schema-graph\">{\"@context\":\"https:\/\/schema.org\",\"@graph\":[{\"@type\":\"WebPage\",\"@id\":\"https:\/\/www.arcticdesignweek.fi\/en\/topical\/\",\"url\":\"https:\/\/www.arcticdesignweek.fi\/en\/topical\/\",\"name\":\"Topical - Arctic Design Week\",\"isPartOf\":{\"@id\":\"https:\/\/www.arcticdesignweek.fi\/en\/#website\"},\"primaryImageOfPage\":{\"@id\":\"https:\/\/www.arcticdesignweek.fi\/en\/topical\/#primaryimage\"},\"image\":{\"@id\":\"https:\/\/www.arcticdesignweek.fi\/en\/topical\/#primaryimage\"},\"thumbnailUrl\":\"https:\/\/www.arcticdesignweek.fi\/wp-content\/uploads\/2020\/03\/Muotoja-kansi-197x300.jpg\",\"datePublished\":\"2020-11-13T12:30:21+00:00\",\"dateModified\":\"2020-11-13T14:20:54+00:00\",\"breadcrumb\":{\"@id\":\"https:\/\/www.arcticdesignweek.fi\/en\/topical\/#breadcrumb\"},\"inLanguage\":\"en-US\",\"potentialAction\":[{\"@type\":\"ReadAction\",\"target\":[\"https:\/\/www.arcticdesignweek.fi\/en\/topical\/\"]}]},{\"@type\":\"ImageObject\",\"inLanguage\":\"en-US\",\"@id\":\"https:\/\/www.arcticdesignweek.fi\/en\/topical\/#primaryimage\",\"url\":\"https:\/\/www.arcticdesignweek.fi\/wp-content\/uploads\/2020\/03\/Muotoja-kansi-197x300.jpg\",\"contentUrl\":\"https:\/\/www.arcticdesignweek.fi\/wp-content\/uploads\/2020\/03\/Muotoja-kansi-197x300.jpg\"},{\"@type\":\"BreadcrumbList\",\"@id\":\"https:\/\/www.arcticdesignweek.fi\/en\/topical\/#breadcrumb\",\"itemListElement\":[{\"@type\":\"ListItem\",\"position\":1,\"name\":\"Home\",\"item\":\"https:\/\/www.arcticdesignweek.fi\/en\/\"},{\"@type\":\"ListItem\",\"position\":2,\"name\":\"Topical\"}]},{\"@type\":\"WebSite\",\"@id\":\"https:\/\/www.arcticdesignweek.fi\/en\/#website\",\"url\":\"https:\/\/www.arcticdesignweek.fi\/en\/\",\"name\":\"Arctic Design Week\",\"description\":\"2020\",\"publisher\":{\"@id\":\"https:\/\/www.arcticdesignweek.fi\/en\/#organization\"},\"potentialAction\":[{\"@type\":\"SearchAction\",\"target\":{\"@type\":\"EntryPoint\",\"urlTemplate\":\"https:\/\/www.arcticdesignweek.fi\/en\/?s={search_term_string}\"},\"query-input\":{\"@type\":\"PropertyValueSpecification\",\"valueRequired\":true,\"valueName\":\"search_term_string\"}}],\"inLanguage\":\"en-US\"},{\"@type\":\"Organization\",\"@id\":\"https:\/\/www.arcticdesignweek.fi\/en\/#organization\",\"name\":\"Arctic Design Week\",\"url\":\"https:\/\/www.arcticdesignweek.fi\/en\/\",\"logo\":{\"@type\":\"ImageObject\",\"inLanguage\":\"en-US\",\"@id\":\"https:\/\/www.arcticdesignweek.fi\/en\/#\/schema\/logo\/image\/\",\"url\":\"https:\/\/www.arcticdesignweek.fi\/wp-content\/uploads\/2019\/11\/ArcticDesignWeek_Favicon_600px.jpg\",\"contentUrl\":\"https:\/\/www.arcticdesignweek.fi\/wp-content\/uploads\/2019\/11\/ArcticDesignWeek_Favicon_600px.jpg\",\"width\":600,\"height\":600,\"caption\":\"Arctic Design Week\"},\"image\":{\"@id\":\"https:\/\/www.arcticdesignweek.fi\/en\/#\/schema\/logo\/image\/\"},\"sameAs\":[\"https:\/\/www.facebook.com\/arcticdesignweek\",\"https:\/\/x.com\/Arctic_D_Week\",\"https:\/\/www.instagram.com\/arcticdesignweek\/\",\"https:\/\/www.youtube.com\/channel\/UCvGHdF2zXScI_wKMCswPbUQ\"]}]}<\/script>\n<!-- \/ Yoast SEO plugin. -->","yoast_head_json":{"title":"Topical - Arctic Design Week","robots":{"index":"index","follow":"follow","max-snippet":"max-snippet:-1","max-image-preview":"max-image-preview:large","max-video-preview":"max-video-preview:-1"},"canonical":"https:\/\/www.arcticdesignweek.fi\/en\/topical\/","og_locale":"en_US","og_type":"article","og_title":"Topical - Arctic Design Week","og_description":"Arctic Design Weekin ajankohtaisnostoja\u00a0Maailman pohjoisimman muotoiluviikon teht\u00e4v\u00e4n\u00e4 on nostaa esiin ja puheenaiheeksi uutisia ja ilmi\u00f6it\u00e4, jotka edesauttavat arktista aluetta menestym\u00e4\u00e4n muotoilun keinoin. Arctic Design Week 2021 j\u00e4rjestet\u00e4\u00e4n Rovaniemell\u00e4 entist\u00e4 kansainv\u00e4lisemp\u00e4n\u00e4 22-28.03.2021 teemalla Be proactive! &nbsp; KORONAVIRUSOHJEISTUKSIA NOUDATETAAN VASTUULLISESTI https:\/\/businessrovaniemi.fi\/ensi-viikon-arctic-design-weekia-ei-peruta-kaupunkifestivaaliosuus-toteutaan\/?fbclid=IwAR3JcmZbBo71NsqryiGj8JrQSiN4yaZmKCsToW22Tq819A9eQOtCF2Je6vY Arctic Design Weekin ensimm\u00e4inen Muotoja -lehti on ilmestynyt 11.03.2020. Voit tutustua muotoiluviikon tarjontaan ja toimintaan t\u00e4\u00e4lt\u00e4 [&hellip;]","og_url":"https:\/\/www.arcticdesignweek.fi\/en\/topical\/","og_site_name":"Arctic Design Week","article_publisher":"https:\/\/www.facebook.com\/arcticdesignweek","article_modified_time":"2020-11-13T14:20:54+00:00","og_image":[{"url":"https:\/\/www.arcticdesignweek.fi\/wp-content\/uploads\/2020\/03\/Muotoja-kansi-197x300.jpg","type":"","width":"","height":""}],"twitter_card":"summary_large_image","twitter_site":"@Arctic_D_Week","twitter_misc":{"Est. reading time":"3 minutes"},"schema":{"@context":"https:\/\/schema.org","@graph":[{"@type":"WebPage","@id":"https:\/\/www.arcticdesignweek.fi\/en\/topical\/","url":"https:\/\/www.arcticdesignweek.fi\/en\/topical\/","name":"Topical - Arctic Design Week","isPartOf":{"@id":"https:\/\/www.arcticdesignweek.fi\/en\/#website"},"primaryImageOfPage":{"@id":"https:\/\/www.arcticdesignweek.fi\/en\/topical\/#primaryimage"},"image":{"@id":"https:\/\/www.arcticdesignweek.fi\/en\/topical\/#primaryimage"},"thumbnailUrl":"https:\/\/www.arcticdesignweek.fi\/wp-content\/uploads\/2020\/03\/Muotoja-kansi-197x300.jpg","datePublished":"2020-11-13T12:30:21+00:00","dateModified":"2020-11-13T14:20:54+00:00","breadcrumb":{"@id":"https:\/\/www.arcticdesignweek.fi\/en\/topical\/#breadcrumb"},"inLanguage":"en-US","potentialAction":[{"@type":"ReadAction","target":["https:\/\/www.arcticdesignweek.fi\/en\/topical\/"]}]},{"@type":"ImageObject","inLanguage":"en-US","@id":"https:\/\/www.arcticdesignweek.fi\/en\/topical\/#primaryimage","url":"https:\/\/www.arcticdesignweek.fi\/wp-content\/uploads\/2020\/03\/Muotoja-kansi-197x300.jpg","contentUrl":"https:\/\/www.arcticdesignweek.fi\/wp-content\/uploads\/2020\/03\/Muotoja-kansi-197x300.jpg"},{"@type":"BreadcrumbList","@id":"https:\/\/www.arcticdesignweek.fi\/en\/topical\/#breadcrumb","itemListElement":[{"@type":"ListItem","position":1,"name":"Home","item":"https:\/\/www.arcticdesignweek.fi\/en\/"},{"@type":"ListItem","position":2,"name":"Topical"}]},{"@type":"WebSite","@id":"https:\/\/www.arcticdesignweek.fi\/en\/#website","url":"https:\/\/www.arcticdesignweek.fi\/en\/","name":"Arctic Design Week","description":"2020","publisher":{"@id":"https:\/\/www.arcticdesignweek.fi\/en\/#organization"},"potentialAction":[{"@type":"SearchAction","target":{"@type":"EntryPoint","urlTemplate":"https:\/\/www.arcticdesignweek.fi\/en\/?s={search_term_string}"},"query-input":{"@type":"PropertyValueSpecification","valueRequired":true,"valueName":"search_term_string"}}],"inLanguage":"en-US"},{"@type":"Organization","@id":"https:\/\/www.arcticdesignweek.fi\/en\/#organization","name":"Arctic Design Week","url":"https:\/\/www.arcticdesignweek.fi\/en\/","logo":{"@type":"ImageObject","inLanguage":"en-US","@id":"https:\/\/www.arcticdesignweek.fi\/en\/#\/schema\/logo\/image\/","url":"https:\/\/www.arcticdesignweek.fi\/wp-content\/uploads\/2019\/11\/ArcticDesignWeek_Favicon_600px.jpg","contentUrl":"https:\/\/www.arcticdesignweek.fi\/wp-content\/uploads\/2019\/11\/ArcticDesignWeek_Favicon_600px.jpg","width":600,"height":600,"caption":"Arctic Design Week"},"image":{"@id":"https:\/\/www.arcticdesignweek.fi\/en\/#\/schema\/logo\/image\/"},"sameAs":["https:\/\/www.facebook.com\/arcticdesignweek","https:\/\/x.com\/Arctic_D_Week","https:\/\/www.instagram.com\/arcticdesignweek\/","https:\/\/www.youtube.com\/channel\/UCvGHdF2zXScI_wKMCswPbUQ"]}]}},"_links":{"self":[{"href":"https:\/\/www.arcticdesignweek.fi\/en\/wp-json\/wp\/v2\/pages\/7949","targetHints":{"allow":["GET"]}}],"collection":[{"href":"https:\/\/www.arcticdesignweek.fi\/en\/wp-json\/wp\/v2\/pages"}],"about":[{"href":"https:\/\/www.arcticdesignweek.fi\/en\/wp-json\/wp\/v2\/types\/page"}],"author":[{"embeddable":true,"href":"https:\/\/www.arcticdesignweek.fi\/en\/wp-json\/wp\/v2\/users\/3"}],"replies":[{"embeddable":true,"href":"https:\/\/www.arcticdesignweek.fi\/en\/wp-json\/wp\/v2\/comments?post=7949"}],"version-history":[{"count":15,"href":"https:\/\/www.arcticdesignweek.fi\/en\/wp-json\/wp\/v2\/pages\/7949\/revisions"}],"predecessor-version":[{"id":7991,"href":"https:\/\/www.arcticdesignweek.fi\/en\/wp-json\/wp\/v2\/pages\/7949\/revisions\/7991"}],"wp:attachment":[{"href":"https:\/\/www.arcticdesignweek.fi\/en\/wp-json\/wp\/v2\/media?parent=7949"}],"curies":[{"name":"wp","href":"https:\/\/api.w.org\/{rel}","templated":true}]}}